{"id":415,"date":"2019-11-11T08:40:33","date_gmt":"2019-11-11T08:40:33","guid":{"rendered":"https:\/\/demo.casethemes.net\/consultio-digital-marketing\/?page_id=415"},"modified":"2022-11-20T02:33:51","modified_gmt":"2022-11-20T02:33:51","slug":"projets","status":"publish","type":"page","link":"https:\/\/environnementinter.com\/?page_id=415","title":{"rendered":"projets"},"content":{"rendered":"\t\t<div data-elementor-type=\"wp-page\" data-elementor-id=\"415\" class=\"elementor elementor-415\">\n\t\t\t\t\t\t\t        <section class=\"elementor-section elementor-top-section elementor-element elementor-element-934d137 elementor-section-content-middle elementor-section-boxed elementor-section-height-default elementor-section-height-default ct-header-fixed-none ct-row-max-none\" data-id=\"934d137\" data-element_type=\"section\">\n            \n                        <div class=\"elementor-container elementor-column-gap-extended \">\n                    <div class=\"elementor-column elementor-col-50 elementor-top-column elementor-element elementor-element-b2993d5\" data-id=\"b2993d5\" data-element_type=\"column\">\n            <div class=\"elementor-widget-wrap elementor-element-populated\">\n                        \t\t<div class=\"elementor-element elementor-element-d7e414a elementor-widget elementor-widget-ct_heading\" data-id=\"d7e414a\" data-element_type=\"widget\" data-widget_type=\"ct_heading.default\">\n\t\t\t\t<div class=\"elementor-widget-container\">\n\t\t\t<div id=\"ct_heading-d7e414a\" class=\"ct-heading h-align-left sub- ct-heading-left item-st-line-left1\">\r\n\t<div class=\"ct-inline-css\"  data-css=\"\r\n        \">\r\n    <\/div>\r\n        <h3 class=\"item--title st-line-left1 case-animate-time\" data-wow-delay=\"ms\">\r\n                <span class=\"sp-main\">\r\n                            <i><\/i>\r\n            \r\n            Nos projets\n_Solarisation des sites technique de camtel et des TCP du Minpostel.\n_Electrification de 350 localit\u00e9s par l&#8217;\u00e9nergie solaire  \r\n            \r\n                    <\/span>\r\n            <\/h3>\r\n<\/div>\t\t<\/div>\n\t\t\t\t<\/div>\n\t\t            <\/div>\n        <\/div>\n                <div class=\"elementor-column elementor-col-50 elementor-top-column elementor-element elementor-element-c5cb0c2\" data-id=\"c5cb0c2\" data-element_type=\"column\">\n            <div class=\"elementor-widget-wrap elementor-element-populated\">\n                        \t\t<div class=\"elementor-element elementor-element-255149c elementor-widget elementor-widget-text-editor\" data-id=\"255149c\" data-element_type=\"widget\" data-widget_type=\"text-editor.default\">\n\t\t\t\t<div class=\"elementor-widget-container\">\n\t\t\t<style>\/*! elementor - v3.14.0 - 26-06-2023 *\/\n.elementor-widget-text-editor.elementor-drop-cap-view-stacked .elementor-drop-cap{background-color:#69727d;color:#fff}.elementor-widget-text-editor.elementor-drop-cap-view-framed .elementor-drop-cap{color:#69727d;border:3px solid;background-color:transparent}.elementor-widget-text-editor:not(.elementor-drop-cap-view-default) .elementor-drop-cap{margin-top:8px}.elementor-widget-text-editor:not(.elementor-drop-cap-view-default) .elementor-drop-cap-letter{width:1em;height:1em}.elementor-widget-text-editor .elementor-drop-cap{float:left;text-align:center;line-height:1;font-size:50px}.elementor-widget-text-editor .elementor-drop-cap-letter{display:inline-block}<\/style>\t\t\t\t<p><img decoding=\"async\" class=\"size-medium wp-image-7468\" src=\"https:\/\/environnementinter.com\/wp-content\/uploads\/2022\/11\/SAM_7763-300x169.jpg\" alt=\"\" width=\"300\" height=\"169\" srcset=\"https:\/\/environnementinter.com\/wp-content\/uploads\/2022\/11\/SAM_7763-300x169.jpg 300w, https:\/\/environnementinter.com\/wp-content\/uploads\/2022\/11\/SAM_7763-1024x576.jpg 1024w, https:\/\/environnementinter.com\/wp-content\/uploads\/2022\/11\/SAM_7763-768x432.jpg 768w, https:\/\/environnementinter.com\/wp-content\/uploads\/2022\/11\/SAM_7763-1536x864.jpg 1536w, https:\/\/environnementinter.com\/wp-content\/uploads\/2022\/11\/SAM_7763.jpg 1920w\" sizes=\"(max-width: 300px) 100vw, 300px\" \/><\/p><p>Nous avons r\u00e9alis\u00e9 une\u00a0 multitude de projets beaucoup plus dans le domaine de l&#8217;environnement.<\/p><p>\u00a0<a href=\"https:\/\/environnementinter.com\/wp-content\/uploads\/2022\/11\/LISTE-DES-DIFFERENTS-PROJETS.docx\">LISTE DES DIFFERENTS PROJETS<\/a><\/p>\t\t\t\t\t\t<\/div>\n\t\t\t\t<\/div>\n\t\t            <\/div>\n        <\/div>\n                            <\/div>\n        <\/section>\n                <section class=\"elementor-section elementor-top-section elementor-element elementor-element-228c27a elementor-section-boxed elementor-section-height-default elementor-section-height-default ct-header-fixed-none ct-row-max-none\" data-id=\"228c27a\" data-element_type=\"section\">\n            \n                        <div class=\"elementor-container elementor-column-gap-extended \">\n                    <div class=\"elementor-column elementor-col-100 elementor-top-column elementor-element elementor-element-cf73b30\" data-id=\"cf73b30\" data-element_type=\"column\">\n            <div class=\"elementor-widget-wrap elementor-element-populated\">\n                        \t\t<div class=\"elementor-element elementor-element-7856011 elementor-widget elementor-widget-ct_portfolio_grid\" data-id=\"7856011\" data-element_type=\"widget\" data-widget_type=\"ct_portfolio_grid.default\">\n\t\t\t\t<div class=\"elementor-widget-container\">\n\t\t\t\r\n<div id=\"ct_portfolio_grid-7856011\" class=\"ct-grid ct-portfolio-grid1\" data-layout=\"masonry\" data-start-page=\"1\" data-max-pages=\"1\" data-total=\"4\" data-perpage=\"8\" data-next-link=\"\">\r\n    <div class=\"ct-grid-overlay\"><\/div>\r\n    \r\n    <div class=\"ct-grid-inner ct-grid-masonry row animate-time\" data-gutter=\"15\">\r\n                            <div class=\"grid-item col-xl-3 col-lg-3 col-md-6 col-sm-6 col-12 \">\r\n                        <div class=\"grid-item-inner wow flipInY\">\r\n                            <div class=\"item--featured\">\r\n                                <img decoding=\"async\" class=\"disable-lazy no-lazyload \" src=\"https:\/\/environnementinter.com\/wp-content\/uploads\/2019\/12\/Capture.png\" width=\"294\" height=\"217\" alt=\"Capture\" title=\"Capture\" \/>                            <\/div>\r\n                            <div class=\"item--holder\">\r\n                                                                    <div class=\"item--meta\">\r\n                                                                                    <h3 class=\"item--title\"><a href=\"https:\/\/environnementinter.com\/?portfolio=consultations-individuelles-de-quelques-autorites-administratives\">Consultations individuelles de quelques autorit\u00e9s administratives<\/a><\/h3>\r\n                                                                                                                    <\/div>\r\n                                                                                                <\/div>\r\n                        <\/div>\r\n                    <\/div>\r\n                                                <div class=\"grid-item col-xl-3 col-lg-3 col-md-6 col-sm-6 col-12 \">\r\n                        <div class=\"grid-item-inner wow flipInY\">\r\n                            <div class=\"item--featured\">\r\n                                <img decoding=\"async\" class=\"disable-lazy no-lazyload \" src=\"https:\/\/environnementinter.com\/wp-content\/uploads\/2019\/12\/Capture-1.png\" width=\"303\" height=\"220\" alt=\"Capture\" title=\"Capture\" \/>                            <\/div>\r\n                            <div class=\"item--holder\">\r\n                                                                    <div class=\"item--meta\">\r\n                                                                                    <h3 class=\"item--title\"><a href=\"https:\/\/environnementinter.com\/?portfolio=consultations-publiques\">Consultations publiques<\/a><\/h3>\r\n                                                                                                                    <\/div>\r\n                                                                                                <\/div>\r\n                        <\/div>\r\n                    <\/div>\r\n                                                <div class=\"grid-item col-xl-3 col-lg-3 col-md-6 col-sm-6 col-12 \">\r\n                        <div class=\"grid-item-inner wow flipInY\">\r\n                            <div class=\"item--featured\">\r\n                                <img decoding=\"async\" class=\"disable-lazy no-lazyload \" src=\"https:\/\/environnementinter.com\/wp-content\/uploads\/2019\/11\/Capture.png\" width=\"299\" height=\"215\" alt=\"Capture\" title=\"Capture\" \/>                            <\/div>\r\n                            <div class=\"item--holder\">\r\n                                                                    <div class=\"item--meta\">\r\n                                                                                    <h3 class=\"item--title\"><a href=\"https:\/\/environnementinter.com\/?portfolio=consultation-publique-au-village-olembe-ii-le-28-juin-2016\">Consultation Publique au village Olemb\u00e9 II. Le 28 Juin 2016<\/a><\/h3>\r\n                                                                                                                    <\/div>\r\n                                                                                                <\/div>\r\n                        <\/div>\r\n                    <\/div>\r\n                                                <div class=\"grid-item col-xl-3 col-lg-3 col-md-6 col-sm-6 col-12 \">\r\n                        <div class=\"grid-item-inner wow flipInY\">\r\n                            <div class=\"item--featured\">\r\n                                <img decoding=\"async\" class=\"disable-lazy no-lazyload \" src=\"https:\/\/environnementinter.com\/wp-content\/uploads\/2019\/11\/Capture-2.png\" width=\"303\" height=\"224\" alt=\"Capture\" title=\"Capture\" \/>                            <\/div>\r\n                            <div class=\"item--holder\">\r\n                                                                    <div class=\"item--meta\">\r\n                                                                                    <h3 class=\"item--title\"><a href=\"https:\/\/environnementinter.com\/?portfolio=consultations-publiques-a-tsinga-village-le-29-06-2016-2\">consultations-publiques-a-tsinga-village-le-29-06-2016<\/a><\/h3>\r\n                                                                                                                    <\/div>\r\n                                                                                                <\/div>\r\n                        <\/div>\r\n                    <\/div>\r\n                                                <div class=\"grid-sizer col-xl-3 col-lg-3 col-md-6 col-sm-6 col-12\"><\/div>\r\n            <\/div>\r\n            <div class=\"ct-grid-pagination\" data-loadmore=\"{&quot;posttype&quot;:&quot;portfolio&quot;,&quot;startPage&quot;:1,&quot;maxPages&quot;:1,&quot;total&quot;:4,&quot;perpage&quot;:&quot;8&quot;,&quot;nextLink&quot;:&quot;&quot;,&quot;source&quot;:[&quot;coaching|portfolio-category&quot;,&quot;facilitation|portfolio-category&quot;],&quot;orderby&quot;:&quot;date&quot;,&quot;order&quot;:&quot;desc&quot;,&quot;limit&quot;:&quot;8&quot;,&quot;post_ids&quot;:&quot;&quot;,&quot;col_xl&quot;:3,&quot;col_lg&quot;:3,&quot;col_md&quot;:6,&quot;col_sm&quot;:6,&quot;col_xs&quot;:12,&quot;thumbnail_size&quot;:&quot;custom&quot;,&quot;thumbnail_custom_dimension&quot;:{&quot;width&quot;:&quot;&quot;,&quot;height&quot;:&quot;&quot;},&quot;pagination_type&quot;:&quot;pagination&quot;,&quot;show_title&quot;:&quot;true&quot;,&quot;show_category&quot;:&quot;&quot;,&quot;show_button&quot;:&quot;&quot;,&quot;ct_animate&quot;:&quot;wow flipInY&quot;,&quot;template_type&quot;:&quot;portfolio_layout1&quot;,&quot;tax&quot;:[]}\" data-query=\"{&quot;post_type&quot;:&quot;portfolio&quot;,&quot;posts_per_page&quot;:8,&quot;order&quot;:&quot;desc&quot;,&quot;orderby&quot;:&quot;date&quot;,&quot;tax_query&quot;:{&quot;relation&quot;:&quot;OR&quot;,&quot;0&quot;:{&quot;taxonomy&quot;:&quot;portfolio-category&quot;,&quot;field&quot;:&quot;slug&quot;,&quot;operator&quot;:&quot;IN&quot;,&quot;terms&quot;:[&quot;coaching&quot;]},&quot;1&quot;:{&quot;taxonomy&quot;:&quot;portfolio-category&quot;,&quot;field&quot;:&quot;slug&quot;,&quot;operator&quot;:&quot;IN&quot;,&quot;terms&quot;:[&quot;facilitation&quot;]}},&quot;post__not_in&quot;:[415]}\">\r\n                    <\/div>\r\n        <\/div>\t\t<\/div>\n\t\t\t\t<\/div>\n\t\t\t\t<div class=\"elementor-element elementor-element-49275f1 elementor-widget elementor-widget-ct_portfolio_grid\" data-id=\"49275f1\" data-element_type=\"widget\" data-widget_type=\"ct_portfolio_grid.default\">\n\t\t\t\t<div class=\"elementor-widget-container\">\n\t\t\t\r\n<div id=\"ct_portfolio_grid-49275f1\" class=\"ct-grid ct-portfolio-grid1\" data-layout=\"masonry\" data-start-page=\"1\" data-max-pages=\"1\" data-total=\"4\" data-perpage=\"8\" data-next-link=\"\">\r\n    <div class=\"ct-grid-overlay\"><\/div>\r\n    \r\n    <div class=\"ct-grid-inner ct-grid-masonry row animate-time\" data-gutter=\"15\">\r\n                            <div class=\"grid-item col-xl-3 col-lg-3 col-md-6 col-sm-6 col-12 \">\r\n                        <div class=\"grid-item-inner wow flipInY\">\r\n                            <div class=\"item--featured\">\r\n                                <img decoding=\"async\" class=\"disable-lazy no-lazyload \" src=\"https:\/\/environnementinter.com\/wp-content\/uploads\/2019\/12\/Capture.png\" width=\"294\" height=\"217\" alt=\"Capture\" title=\"Capture\" \/>                            <\/div>\r\n                            <div class=\"item--holder\">\r\n                                                                    <div class=\"item--meta\">\r\n                                                                                    <h3 class=\"item--title\"><a href=\"https:\/\/environnementinter.com\/?portfolio=consultations-individuelles-de-quelques-autorites-administratives\">Consultations individuelles de quelques autorit\u00e9s administratives<\/a><\/h3>\r\n                                                                                                                    <\/div>\r\n                                                                                                <\/div>\r\n                        <\/div>\r\n                    <\/div>\r\n                                                <div class=\"grid-item col-xl-3 col-lg-3 col-md-6 col-sm-6 col-12 \">\r\n                        <div class=\"grid-item-inner wow flipInY\">\r\n                            <div class=\"item--featured\">\r\n                                <img decoding=\"async\" class=\"disable-lazy no-lazyload \" src=\"https:\/\/environnementinter.com\/wp-content\/uploads\/2019\/12\/Capture-1.png\" width=\"303\" height=\"220\" alt=\"Capture\" title=\"Capture\" \/>                            <\/div>\r\n                            <div class=\"item--holder\">\r\n                                                                    <div class=\"item--meta\">\r\n                                                                                    <h3 class=\"item--title\"><a href=\"https:\/\/environnementinter.com\/?portfolio=consultations-publiques\">Consultations publiques<\/a><\/h3>\r\n                                                                                                                    <\/div>\r\n                                                                                                <\/div>\r\n                        <\/div>\r\n                    <\/div>\r\n                                                <div class=\"grid-item col-xl-3 col-lg-3 col-md-6 col-sm-6 col-12 \">\r\n                        <div class=\"grid-item-inner wow flipInY\">\r\n                            <div class=\"item--featured\">\r\n                                <img decoding=\"async\" class=\"disable-lazy no-lazyload \" src=\"https:\/\/environnementinter.com\/wp-content\/uploads\/2019\/11\/Capture.png\" width=\"299\" height=\"215\" alt=\"Capture\" title=\"Capture\" \/>                            <\/div>\r\n                            <div class=\"item--holder\">\r\n                                                                    <div class=\"item--meta\">\r\n                                                                                    <h3 class=\"item--title\"><a href=\"https:\/\/environnementinter.com\/?portfolio=consultation-publique-au-village-olembe-ii-le-28-juin-2016\">Consultation Publique au village Olemb\u00e9 II. Le 28 Juin 2016<\/a><\/h3>\r\n                                                                                                                    <\/div>\r\n                                                                                                <\/div>\r\n                        <\/div>\r\n                    <\/div>\r\n                                                <div class=\"grid-item col-xl-3 col-lg-3 col-md-6 col-sm-6 col-12 \">\r\n                        <div class=\"grid-item-inner wow flipInY\">\r\n                            <div class=\"item--featured\">\r\n                                <img decoding=\"async\" class=\"disable-lazy no-lazyload \" src=\"https:\/\/environnementinter.com\/wp-content\/uploads\/2019\/11\/Capture-2.png\" width=\"303\" height=\"224\" alt=\"Capture\" title=\"Capture\" \/>                            <\/div>\r\n                            <div class=\"item--holder\">\r\n                                                                    <div class=\"item--meta\">\r\n                                                                                    <h3 class=\"item--title\"><a href=\"https:\/\/environnementinter.com\/?portfolio=consultations-publiques-a-tsinga-village-le-29-06-2016-2\">consultations-publiques-a-tsinga-village-le-29-06-2016<\/a><\/h3>\r\n                                                                                                                    <\/div>\r\n                                                                                                <\/div>\r\n                        <\/div>\r\n                    <\/div>\r\n                                                <div class=\"grid-sizer col-xl-3 col-lg-3 col-md-6 col-sm-6 col-12\"><\/div>\r\n            <\/div>\r\n            <div class=\"ct-grid-pagination\" data-loadmore=\"{&quot;posttype&quot;:&quot;portfolio&quot;,&quot;startPage&quot;:1,&quot;maxPages&quot;:1,&quot;total&quot;:4,&quot;perpage&quot;:&quot;8&quot;,&quot;nextLink&quot;:&quot;&quot;,&quot;source&quot;:[&quot;coaching|portfolio-category&quot;,&quot;facilitation|portfolio-category&quot;],&quot;orderby&quot;:&quot;date&quot;,&quot;order&quot;:&quot;desc&quot;,&quot;limit&quot;:&quot;8&quot;,&quot;post_ids&quot;:&quot;&quot;,&quot;col_xl&quot;:3,&quot;col_lg&quot;:3,&quot;col_md&quot;:6,&quot;col_sm&quot;:6,&quot;col_xs&quot;:12,&quot;thumbnail_size&quot;:&quot;custom&quot;,&quot;thumbnail_custom_dimension&quot;:{&quot;width&quot;:&quot;&quot;,&quot;height&quot;:&quot;&quot;},&quot;pagination_type&quot;:&quot;pagination&quot;,&quot;show_title&quot;:&quot;true&quot;,&quot;show_category&quot;:&quot;&quot;,&quot;show_button&quot;:&quot;&quot;,&quot;ct_animate&quot;:&quot;wow flipInY&quot;,&quot;template_type&quot;:&quot;portfolio_layout1&quot;,&quot;tax&quot;:[]}\" data-query=\"{&quot;post_type&quot;:&quot;portfolio&quot;,&quot;posts_per_page&quot;:8,&quot;order&quot;:&quot;desc&quot;,&quot;orderby&quot;:&quot;date&quot;,&quot;tax_query&quot;:{&quot;relation&quot;:&quot;OR&quot;,&quot;0&quot;:{&quot;taxonomy&quot;:&quot;portfolio-category&quot;,&quot;field&quot;:&quot;slug&quot;,&quot;operator&quot;:&quot;IN&quot;,&quot;terms&quot;:[&quot;coaching&quot;]},&quot;1&quot;:{&quot;taxonomy&quot;:&quot;portfolio-category&quot;,&quot;field&quot;:&quot;slug&quot;,&quot;operator&quot;:&quot;IN&quot;,&quot;terms&quot;:[&quot;facilitation&quot;]}},&quot;post__not_in&quot;:[415]}\">\r\n                    <\/div>\r\n        <\/div>\t\t<\/div>\n\t\t\t\t<\/div>\n\t\t            <\/div>\n        <\/div>\n                            <\/div>\n        <\/section>\n        \t\t\t\t\t<\/div>\n\t\t","protected":false},"excerpt":{"rendered":"<p>Nos projets _Solarisation des sites technique de camtel et des TCP du Minpostel. _Electrification de 350 localit\u00e9s par l&rsquo;\u00e9nergie solaire Nous avons r\u00e9alis\u00e9 une\u00a0 multitude de projets beaucoup plus dans le domaine de l&#8217;environnement. \u00a0LISTE DES DIFFERENTS PROJETS Consultations individuelles de quelques autorit\u00e9s administratives Consultations publiques Consultation Publique au village Olemb\u00e9 II. Le 28 Juin [&hellip;]<\/p>\n","protected":false},"author":1,"featured_media":0,"parent":0,"menu_order":0,"comment_status":"closed","ping_status":"closed","template":"","meta":{"footnotes":""},"class_list":["post-415","page","type-page","status-publish","hentry"],"_links":{"self":[{"href":"https:\/\/environnementinter.com\/index.php?rest_route=\/wp\/v2\/pages\/415","targetHints":{"allow":["GET"]}}],"collection":[{"href":"https:\/\/environnementinter.com\/index.php?rest_route=\/wp\/v2\/pages"}],"about":[{"href":"https:\/\/environnementinter.com\/index.php?rest_route=\/wp\/v2\/types\/page"}],"author":[{"embeddable":true,"href":"https:\/\/environnementinter.com\/index.php?rest_route=\/wp\/v2\/users\/1"}],"replies":[{"embeddable":true,"href":"https:\/\/environnementinter.com\/index.php?rest_route=%2Fwp%2Fv2%2Fcomments&post=415"}],"version-history":[{"count":22,"href":"https:\/\/environnementinter.com\/index.php?rest_route=\/wp\/v2\/pages\/415\/revisions"}],"predecessor-version":[{"id":7861,"href":"https:\/\/environnementinter.com\/index.php?rest_route=\/wp\/v2\/pages\/415\/revisions\/7861"}],"wp:attachment":[{"href":"https:\/\/environnementinter.com\/index.php?rest_route=%2Fwp%2Fv2%2Fmedia&parent=415"}],"curies":[{"name":"wp","href":"https:\/\/api.w.org\/{rel}","templated":true}]}}