{"id":26,"date":"2022-11-16T05:04:23","date_gmt":"2022-11-16T05:04:23","guid":{"rendered":"https:\/\/demo.casethemes.net\/consultio-digital-marketing\/?page_id=26"},"modified":"2022-11-20T07:13:05","modified_gmt":"2022-11-20T07:13:05","slug":"a-ropos","status":"publish","type":"page","link":"https:\/\/environnementinter.com\/?page_id=26","title":{"rendered":"A Propos"},"content":{"rendered":"\t\t<div data-elementor-type=\"wp-page\" data-elementor-id=\"26\" class=\"elementor elementor-26\">\n\t\t\t\t\t\t\t        <section class=\"elementor-section elementor-top-section elementor-element elementor-element-bf4d915 elementor-section-boxed elementor-section-height-default elementor-section-height-default ct-header-fixed-none ct-row-max-none\" data-id=\"bf4d915\" data-element_type=\"section\">\n            \n                        <div class=\"elementor-container elementor-column-gap-extended \">\n                    <div class=\"elementor-column elementor-col-100 elementor-top-column elementor-element elementor-element-5282614\" data-id=\"5282614\" data-element_type=\"column\">\n            <div class=\"elementor-widget-wrap elementor-element-populated\">\n                        \t\t<div class=\"elementor-element elementor-element-9d091b6 elementor-widget elementor-widget-ct_heading\" data-id=\"9d091b6\" data-element_type=\"widget\" data-widget_type=\"ct_heading.default\">\n\t\t\t\t<div class=\"elementor-widget-container\">\n\t\t\t<div id=\"ct_heading-9d091b6\" class=\"ct-heading h-align- sub- ct-heading-left item-st-line-left1\">\r\n\t<div class=\"ct-inline-css\"  data-css=\"\r\n        \">\r\n    <\/div>\r\n        <h3 class=\"item--title st-line-left1 case-animate-time\" data-wow-delay=\"ms\">\r\n                <span class=\"sp-main\">\r\n                            <i><\/i>\r\n            \r\n            Qui sommes-nous?\r\n            \r\n                    <\/span>\r\n            <\/h3>\r\n<\/div>\t\t<\/div>\n\t\t\t\t<\/div>\n\t\t            <\/div>\n        <\/div>\n                            <\/div>\n        <\/section>\n                <section class=\"elementor-section elementor-top-section elementor-element elementor-element-2c8ab28 elementor-section-full_width elementor-section-height-default elementor-section-height-default ct-header-fixed-none ct-row-max-none\" data-id=\"2c8ab28\" data-element_type=\"section\">\n            \n                        <div class=\"elementor-container elementor-column-gap-default \">\n                    <div class=\"elementor-column elementor-col-100 elementor-top-column elementor-element elementor-element-c6f7aef\" data-id=\"c6f7aef\" data-element_type=\"column\">\n            <div class=\"elementor-widget-wrap elementor-element-populated\">\n                                <section class=\"elementor-section elementor-inner-section elementor-element elementor-element-2f0a224 elementor-section-full_width elementor-section-height-default elementor-section-height-default ct-header-fixed-none ct-row-max-none\" data-id=\"2f0a224\" data-element_type=\"section\">\n            \n                        <div class=\"elementor-container elementor-column-gap-default \">\n                    <div class=\"elementor-column elementor-col-50 elementor-inner-column elementor-element elementor-element-8780845\" data-id=\"8780845\" data-element_type=\"column\">\n            <div class=\"elementor-widget-wrap elementor-element-populated\">\n                        \t\t<div class=\"elementor-element elementor-element-176c3a2 elementor-widget elementor-widget-text-editor\" data-id=\"176c3a2\" data-element_type=\"widget\" data-widget_type=\"text-editor.default\">\n\t\t\t\t<div class=\"elementor-widget-container\">\n\t\t\t<style>\/*! elementor - v3.14.0 - 26-06-2023 *\/\n.elementor-widget-text-editor.elementor-drop-cap-view-stacked .elementor-drop-cap{background-color:#69727d;color:#fff}.elementor-widget-text-editor.elementor-drop-cap-view-framed .elementor-drop-cap{color:#69727d;border:3px solid;background-color:transparent}.elementor-widget-text-editor:not(.elementor-drop-cap-view-default) .elementor-drop-cap{margin-top:8px}.elementor-widget-text-editor:not(.elementor-drop-cap-view-default) .elementor-drop-cap-letter{width:1em;height:1em}.elementor-widget-text-editor .elementor-drop-cap{float:left;text-align:center;line-height:1;font-size:50px}.elementor-widget-text-editor .elementor-drop-cap-letter{display:inline-block}<\/style>\t\t\t\t<p><strong>JURILEX INTERNATIONAL est une soci\u00e9t\u00e9 de droit camerounais cr\u00e9\u00e9e en 2006, qui a pour objet les \u00e9tudes et les recherches dans le domaine de l\u2019environnement.<\/strong><\/p>\t\t\t\t\t\t<\/div>\n\t\t\t\t<\/div>\n\t\t\t\t<div class=\"elementor-element elementor-element-4b32f49 elementor-widget elementor-widget-text-editor\" data-id=\"4b32f49\" data-element_type=\"widget\" data-widget_type=\"text-editor.default\">\n\t\t\t\t<div class=\"elementor-widget-container\">\n\t\t\t\t\t\t\t<p>Les bureaux de <strong>JURILEX <\/strong>sont situ\u00e9s au rez-de-chauss\u00e9e \u2013 Porte 020 du prestigieux Immeuble de la SNI. Le s\u00e9rieux de cet emplacement dans un espace verdoyant, avec une vue panoramique sur le Rond-point de la Poste Centrale et des facilit\u00e9s d\u2019acc\u00e8s vers toutes les administrations publiques, d\u00e9notent du s\u00e9rieux que s\u2019assigne ce Cabinet d\u2019experts, et de la cr\u00e9dibilit\u00e9 dont il peut se pr\u00e9valoir. Jurilex exerce essentiellement dans l&#8217;environnement acvec pour activit\u00e9 phare :<\/p>\t\t\t\t\t\t<\/div>\n\t\t\t\t<\/div>\n\t\t\t\t<div class=\"elementor-element elementor-element-11f730c elementor-widget elementor-widget-ct_list\" data-id=\"11f730c\" data-element_type=\"widget\" data-widget_type=\"ct_list.default\">\n\t\t\t\t<div class=\"elementor-widget-container\">\n\t\t\t    <div class=\"ct-list style1 \">\r\n                    <div class=\"ct-list-item \" data-wow-delay=\"ms\">\r\n            \t<div class=\"ct-list-icon\"><i class=\"fac fac-check-circle\"><\/i><\/div>\r\n            \t<div class=\"ct-list-meta\">\r\n\t            \t<div class=\"ct-list-desc\">\r\n\t            \t\tL'\u00e9tude d'impact environnementale et sociale\t            \t<\/div>\r\n                    \t            <\/div>\r\n           <\/div>\r\n                    <div class=\"ct-list-item \" data-wow-delay=\"ms\">\r\n            \t<div class=\"ct-list-icon\"><i class=\"fac fac-check-circle\"><\/i><\/div>\r\n            \t<div class=\"ct-list-meta\">\r\n\t            \t<div class=\"ct-list-desc\">\r\n\t            \t\tL'Energie\t            \t<\/div>\r\n                    \t            <\/div>\r\n           <\/div>\r\n            <\/div>\r\n\t\t<\/div>\n\t\t\t\t<\/div>\n\t\t\t\t<div class=\"elementor-element elementor-element-41e6e03 elementor-widget elementor-widget-ct_signature\" data-id=\"41e6e03\" data-element_type=\"widget\" data-widget_type=\"ct_signature.default\">\n\t\t\t\t<div class=\"elementor-widget-container\">\n\t\t\t<div class=\"ct-signature1  style1\">\r\n\t        <div class=\"signature-image\">\r\n        \t<img decoding=\"async\" width=\"95\" height=\"85\" src=\"https:\/\/environnementinter.com\/wp-content\/uploads\/2019\/12\/signature.png\" class=\"attachment-full\" alt=\"\" \/>        <\/div>\r\n        <div class=\"signature-meta\">\r\n    \t<h3>Dr. Blaise EFENDENE<\/h3>\r\n    \t<span>DG de jurilex<\/span>\r\n    <\/div>\r\n<\/div>\r\n\t\t<\/div>\n\t\t\t\t<\/div>\n\t\t            <\/div>\n        <\/div>\n                <div class=\"elementor-column elementor-col-50 elementor-inner-column elementor-element elementor-element-5914b05\" data-id=\"5914b05\" data-element_type=\"column\">\n            <div class=\"elementor-widget-wrap elementor-element-populated\">\n                        \t\t<div class=\"elementor-element elementor-element-8404d19 elementor-widget elementor-widget-ct_team_details\" data-id=\"8404d19\" data-element_type=\"widget\" data-widget_type=\"ct_team_details.default\">\n\t\t\t\t<div class=\"elementor-widget-container\">\n\t\t\t<div class=\"ct-team-details\">\r\n\t\t\t<div class=\"ct-team-image bg-image\" style=\"background-image: url(https:\/\/environnementinter.com\/wp-content\/uploads\/2022\/11\/Capture.png);\"><\/div>\r\n\t\t<div class=\"ct-team-content bg-image\">\r\n\t\t<div class=\"ct-team-holder\">\r\n\t\t\t<div class=\"ct-team-icon\"><i class=\"fac fac-user-cog\"><\/i><\/div>\r\n\t\t\t<div class=\"ct-team-meta\">\r\n\t\t\t\t<h3 class=\"ct-team-title\">Blaise EFENDENE<\/h3>\r\n\t\t\t\t<div class=\"ct-team-position\">DG<\/div>\r\n\t\t\t<\/div>\r\n\t\t<\/div>\r\n\t\t<ul class=\"ct-team-contact\">\r\n\t\t\t\t\t\t\t<li><i class=\"fac fac-envelope\"><\/i>efendeneblaise@yahoo.fr<\/li>\r\n\t\t\t\t\t\t\t\t\t\t<li><i class=\"fac fac-phone\"><\/i>674 - 277 - 945<\/li>\r\n\t\t\t\t\t\t\t\t<\/ul>\r\n\t\t<div class=\"ct-team-social\">\r\n\t\t\t\t\t\t\t\t\t\t<div class=\"ct-team-social-list\">\r\n\t\t\t\t\t\t\t\t            \t\t\t                <a >\r\n\t\t\t                    <i aria-hidden=\"true\" class=\"fab fa-linkedin-in\"><\/i>\t\t\t                    \t\t\t                <\/a>\r\n\t\t\t            \t\t\t        \t\t\t            \t\t\t                <a >\r\n\t\t\t                    <i aria-hidden=\"true\" class=\"material zmdi zmdi-twitter\"><\/i>\t\t\t                    \t\t\t                <\/a>\r\n\t\t\t            \t\t\t        \t\t\t            \t\t\t                <a >\r\n\t\t\t                    <i aria-hidden=\"true\" class=\"material zmdi zmdi-instagram\"><\/i>\t\t\t                    \t\t\t                <\/a>\r\n\t\t\t            \t\t\t        \t\t\t\t<\/div>\r\n\t\t\t\t\t<\/div>\r\n\t<\/div>\r\n<\/div>\t\t<\/div>\n\t\t\t\t<\/div>\n\t\t            <\/div>\n        <\/div>\n                            <\/div>\n        <\/section>\n        \t\t<div class=\"elementor-element elementor-element-1a03c0b elementor-widget elementor-widget-ct_cta\" data-id=\"1a03c0b\" data-element_type=\"widget\" data-widget_type=\"ct_cta.default\">\n\t\t\t\t<div class=\"elementor-widget-container\">\n\t\t\t<div class=\"ct-cta1 \">\r\n            <div class=\"item--holder\">\r\n            <span class=\"item--title\">Voulez-vous en savoir plus sur nous?<\/span>\r\n            <span class=\"item--desc\">T\u00e9l\u00e9charger la brochure...<\/span>\r\n        <\/div>\r\n                <div class=\"item--button\">\r\n            <a class=\"btn btn-white\" href=\"https:\/\/environnementinter.com\/wp-content\/uploads\/2022\/11\/Presentation-jurilex.pdf\" target=\"_blank\">\r\n                                    <i aria-hidden=\"true\" class=\"fas fa-cloud-download-alt\"><\/i>                                T\u00e9l\u00e9charger            <\/a>\r\n        <\/div>\r\n    <\/div>\r\n\t\t<\/div>\n\t\t\t\t<\/div>\n\t\t            <\/div>\n        <\/div>\n                            <\/div>\n        <\/section>\n                <section class=\"elementor-section elementor-top-section elementor-element elementor-element-a158a9e elementor-section-stretched elementor-section-boxed elementor-section-height-default elementor-section-height-default ct-header-fixed-none ct-row-max-none\" data-id=\"a158a9e\" data-element_type=\"section\" data-settings=\"{&quot;stretch_section&quot;:&quot;section-stretched&quot;,&quot;background_background&quot;:&quot;classic&quot;}\">\n                            <div class=\"elementor-background-overlay\"><\/div>\n                \n                        <div class=\"elementor-container elementor-column-gap-extended \">\n                    <div class=\"elementor-column elementor-col-100 elementor-top-column elementor-element elementor-element-30c4d43\" data-id=\"30c4d43\" data-element_type=\"column\">\n            <div class=\"elementor-widget-wrap elementor-element-populated\">\n                                <section class=\"elementor-section elementor-inner-section elementor-element elementor-element-7a3aa06 elementor-section-content-middle elementor-section-boxed elementor-section-height-default elementor-section-height-default ct-header-fixed-none ct-row-max-none\" data-id=\"7a3aa06\" data-element_type=\"section\">\n            \n                        <div class=\"elementor-container elementor-column-gap-extended \">\n                    <div class=\"elementor-column elementor-col-50 elementor-inner-column elementor-element elementor-element-ba6ff94\" data-id=\"ba6ff94\" data-element_type=\"column\">\n            <div class=\"elementor-widget-wrap elementor-element-populated\">\n                        \t\t<div class=\"elementor-element elementor-element-78cbbb6f elementor-widget elementor-widget-ct_heading\" data-id=\"78cbbb6f\" data-element_type=\"widget\" data-widget_type=\"ct_heading.default\">\n\t\t\t\t<div class=\"elementor-widget-container\">\n\t\t\t<div id=\"ct_heading-78cbbb6f\" class=\"ct-heading h-align- sub- ct-heading-left item-st-line-left1\">\r\n\t<div class=\"ct-inline-css\"  data-css=\"\r\n        \">\r\n    <\/div>\r\n        <h3 class=\"item--title st-line-left1 case-animate-time\" data-wow-delay=\"ms\">\r\n                <span class=\"sp-main\">\r\n                            <i><\/i>\r\n            \r\n            Historique \r\n            \r\n                    <\/span>\r\n            <\/h3>\r\n<\/div>\t\t<\/div>\n\t\t\t\t<\/div>\n\t\t            <\/div>\n        <\/div>\n                <div class=\"elementor-column elementor-col-50 elementor-inner-column elementor-element elementor-element-0de7bd2\" data-id=\"0de7bd2\" data-element_type=\"column\">\n            <div class=\"elementor-widget-wrap elementor-element-populated\">\n                        \t\t<div class=\"elementor-element elementor-element-7398b831 elementor-widget elementor-widget-text-editor\" data-id=\"7398b831\" data-element_type=\"widget\" data-widget_type=\"text-editor.default\">\n\t\t\t\t<div class=\"elementor-widget-container\">\n\t\t\t\t\t\t\t<p>Jurilex International existe depuis 2006 jusqu&#8217;\u00e0 nos jours<\/p>\t\t\t\t\t\t<\/div>\n\t\t\t\t<\/div>\n\t\t            <\/div>\n        <\/div>\n                            <\/div>\n        <\/section>\n        \t\t<div class=\"elementor-element elementor-element-861b1e7 elementor-widget elementor-widget-ct_history\" data-id=\"861b1e7\" data-element_type=\"widget\" data-widget_type=\"ct_history.default\">\n\t\t\t\t<div class=\"elementor-widget-container\">\n\t\t\t<div class=\"ct-history1\">\r\n\t\t\t<div class=\"ct-history--start\">\r\n\t\t\tD\u00e9but\t\t<\/div>\r\n\t\t\t\t<div class=\"ct-history--holder\">\r\n\t\t\t<div class=\"ct-history--odd\">\r\n\t\t\t\t\t\t\t\t\t\t\t\t\t\t<div class=\"ct-history--item\">\r\n\t\t\t\t\t\t\t<div class=\"ct-history--meta\">\r\n\t\t\t\t\t\t\t\t<h3>\r\n\t\t\t\t\t\t\t\t\t\t\t\t\t\t\t\t\t\t\t2 Fev, 2018\t\t\t\t\t\t\t\t\t\t\t\t\t\t\t\t\t<\/h3>\r\n\t\t\t\t\t\t\t\t<span>Ev\u00e8nement <\/span>\r\n\t\t\t\t\t\t\t<\/div>\r\n\t\t\t\t\t\t<\/div>\r\n\t\t\t\t\t\t\t\t\t\t\t\t\t\t\t\t\t\t\t<div class=\"ct-history--item\">\r\n\t\t\t\t\t\t\t<div class=\"ct-history--meta\">\r\n\t\t\t\t\t\t\t\t<h3>\r\n\t\t\t\t\t\t\t\t\t\t\t\t\t\t\t\t\t\t\t21 Jul, 2018\t\t\t\t\t\t\t\t\t\t\t\t\t\t\t\t\t<\/h3>\r\n\t\t\t\t\t\t\t\t<span>Ev\u00e8nement <\/span>\r\n\t\t\t\t\t\t\t<\/div>\r\n\t\t\t\t\t\t<\/div>\r\n\t\t\t\t\t\t\t\t\t\t\t\t\t\t\t\t\t\t\t<div class=\"ct-history--item\">\r\n\t\t\t\t\t\t\t<div class=\"ct-history--meta\">\r\n\t\t\t\t\t\t\t\t<h3>\r\n\t\t\t\t\t\t\t\t\t\t\t\t\t\t\t\t\t\t\t19 Ao\u00fbt, 2018\t\t\t\t\t\t\t\t\t\t\t\t\t\t\t\t\t<\/h3>\r\n\t\t\t\t\t\t\t\t<span>Ev\u00e8nement <\/span>\r\n\t\t\t\t\t\t\t<\/div>\r\n\t\t\t\t\t\t<\/div>\r\n\t\t\t\t\t\t\t\t\t\t\t\t\t\t\t\t\t\t\t<div class=\"ct-history--item\">\r\n\t\t\t\t\t\t\t<div class=\"ct-history--meta\">\r\n\t\t\t\t\t\t\t\t<h3>\r\n\t\t\t\t\t\t\t\t\t\t\t\t\t\t\t\t\t\t\t2 Jan, 2020\t\t\t\t\t\t\t\t\t\t\t\t\t\t\t\t\t<\/h3>\r\n\t\t\t\t\t\t\t\t<span>Ev\u00e8nement <\/span>\r\n\t\t\t\t\t\t\t<\/div>\r\n\t\t\t\t\t\t<\/div>\r\n\t\t\t\t\t\t\t\t\t\t\t\t\t\t\t\t\t\t\t<div class=\"ct-history--item\">\r\n\t\t\t\t\t\t\t<div class=\"ct-history--meta\">\r\n\t\t\t\t\t\t\t\t<h3>\r\n\t\t\t\t\t\t\t\t\t\t\t\t\t\t\t\t\t\t\t22 Sep, 2022\t\t\t\t\t\t\t\t\t\t\t\t\t\t\t\t\t<\/h3>\r\n\t\t\t\t\t\t\t\t<span>Ev\u00e8nement <\/span>\r\n\t\t\t\t\t\t\t<\/div>\r\n\t\t\t\t\t\t<\/div>\r\n\t\t\t\t\t\t\t\t\t\t\t\t<\/div>\r\n\t\t\t<div class=\"ct-history--even\">\r\n\t\t\t\t\t\t\t\t\t\t<div class=\"ct-history--item\">\r\n\t\t\t\t\t\t\t<div class=\"ct-history--meta\">\r\n\t\t\t\t\t\t\t\t<h3>\r\n\t\t\t\t\t\t\t\t\t\t\t\t\t\t\t\t\t\t\t12 Jan, 2006\t\t\t\t\t\t\t\t\t\t\t\t\t\t\t\t\t<\/h3>\r\n\t\t\t\t\t\t\t\t<span>Cr\u00e9ation de Jurilex<\/span>\r\n\t\t\t\t\t\t\t<\/div>\r\n\t\t\t\t\t\t<\/div>\r\n\t\t\t\t\t\t\t\t\t\t\t\t\t\t\t\t\t\t\t<div class=\"ct-history--item\">\r\n\t\t\t\t\t\t\t<div class=\"ct-history--meta\">\r\n\t\t\t\t\t\t\t\t<h3>\r\n\t\t\t\t\t\t\t\t\t\t\t\t\t\t\t\t\t\t\t8 Jul, 2018\t\t\t\t\t\t\t\t\t\t\t\t\t\t\t\t\t<\/h3>\r\n\t\t\t\t\t\t\t\t<span>Ev\u00e8nement <\/span>\r\n\t\t\t\t\t\t\t<\/div>\r\n\t\t\t\t\t\t<\/div>\r\n\t\t\t\t\t\t\t\t\t\t\t\t\t\t\t\t\t\t\t<div class=\"ct-history--item\">\r\n\t\t\t\t\t\t\t<div class=\"ct-history--meta\">\r\n\t\t\t\t\t\t\t\t<h3>\r\n\t\t\t\t\t\t\t\t\t\t\t\t\t\t\t\t\t\t\t18 Ao\u00fbt, 2018\t\t\t\t\t\t\t\t\t\t\t\t\t\t\t\t\t<\/h3>\r\n\t\t\t\t\t\t\t\t<span>Ev\u00e8nement <\/span>\r\n\t\t\t\t\t\t\t<\/div>\r\n\t\t\t\t\t\t<\/div>\r\n\t\t\t\t\t\t\t\t\t\t\t\t\t\t\t\t\t\t\t<div class=\"ct-history--item\">\r\n\t\t\t\t\t\t\t<div class=\"ct-history--meta\">\r\n\t\t\t\t\t\t\t\t<h3>\r\n\t\t\t\t\t\t\t\t\t\t\t\t\t\t\t\t\t\t\t27 Sep, 2019\t\t\t\t\t\t\t\t\t\t\t\t\t\t\t\t\t<\/h3>\r\n\t\t\t\t\t\t\t\t<span>Partenariat avec l'ONG Camerounaise A New Chance For Kids<\/span>\r\n\t\t\t\t\t\t\t<\/div>\r\n\t\t\t\t\t\t<\/div>\r\n\t\t\t\t\t\t\t\t\t\t\t\t\t\t\t\t\t\t\t<div class=\"ct-history--item\">\r\n\t\t\t\t\t\t\t<div class=\"ct-history--meta\">\r\n\t\t\t\t\t\t\t\t<h3>\r\n\t\t\t\t\t\t\t\t\t\t\t\t\t\t\t\t\t\t\t8 Jul, 2021\t\t\t\t\t\t\t\t\t\t\t\t\t\t\t\t\t<\/h3>\r\n\t\t\t\t\t\t\t\t<span>Ev\u00e8nement <\/span>\r\n\t\t\t\t\t\t\t<\/div>\r\n\t\t\t\t\t\t<\/div>\r\n\t\t\t\t\t\t\t\t\t\t\t\t\t\t\t\t<\/div>\r\n\t\t<\/div>\r\n\t\t\t\t<div class=\"ct-history--image\">\r\n\t\t\t<img decoding=\"async\" class=\"\" src=\"https:\/\/environnementinter.com\/wp-content\/uploads\/2022\/11\/SAM_7762-150x150.jpg\" width=\"150\" height=\"150\" alt=\"SAMSUNG CAMERA PICTURES\" title=\"SAMSUNG CAMERA PICTURES\" \/>\t\t<\/div>\r\n\t<\/div>\t\t<\/div>\n\t\t\t\t<\/div>\n\t\t            <\/div>\n        <\/div>\n                            <\/div>\n        <\/section>\n        \t\t\t\t\t<\/div>\n\t\t","protected":false},"excerpt":{"rendered":"<p>Qui sommes-nous? JURILEX INTERNATIONAL est une soci\u00e9t\u00e9 de droit camerounais cr\u00e9\u00e9e en 2006, qui a pour objet les \u00e9tudes et les recherches dans le domaine de l\u2019environnement. Les bureaux de JURILEX sont situ\u00e9s au rez-de-chauss\u00e9e \u2013 Porte 020 du prestigieux Immeuble de la SNI. Le s\u00e9rieux de cet emplacement dans un espace verdoyant, avec une [&hellip;]<\/p>\n","protected":false},"author":1,"featured_media":0,"parent":0,"menu_order":0,"comment_status":"closed","ping_status":"closed","template":"","meta":{"footnotes":""},"class_list":["post-26","page","type-page","status-publish","hentry"],"_links":{"self":[{"href":"https:\/\/environnementinter.com\/index.php?rest_route=\/wp\/v2\/pages\/26","targetHints":{"allow":["GET"]}}],"collection":[{"href":"https:\/\/environnementinter.com\/index.php?rest_route=\/wp\/v2\/pages"}],"about":[{"href":"https:\/\/environnementinter.com\/index.php?rest_route=\/wp\/v2\/types\/page"}],"author":[{"embeddable":true,"href":"https:\/\/environnementinter.com\/index.php?rest_route=\/wp\/v2\/users\/1"}],"replies":[{"embeddable":true,"href":"https:\/\/environnementinter.com\/index.php?rest_route=%2Fwp%2Fv2%2Fcomments&post=26"}],"version-history":[{"count":104,"href":"https:\/\/environnementinter.com\/index.php?rest_route=\/wp\/v2\/pages\/26\/revisions"}],"predecessor-version":[{"id":7897,"href":"https:\/\/environnementinter.com\/index.php?rest_route=\/wp\/v2\/pages\/26\/revisions\/7897"}],"wp:attachment":[{"href":"https:\/\/environnementinter.com\/index.php?rest_route=%2Fwp%2Fv2%2Fmedia&parent=26"}],"curies":[{"name":"wp","href":"https:\/\/api.w.org\/{rel}","templated":true}]}}